{"id":11837,"date":"2025-12-03T15:56:39","date_gmt":"2025-12-03T14:56:39","guid":{"rendered":"https:\/\/ciiae.org\/instalaciones\/"},"modified":"2026-01-19T13:08:01","modified_gmt":"2026-01-19T12:08:01","slug":"facilities","status":"publish","type":"page","link":"https:\/\/ciiae.org\/en\/facilities\/","title":{"rendered":"Facilities"},"content":{"rendered":"\t\t<div data-elementor-type=\"wp-page\" data-elementor-id=\"11837\" class=\"elementor elementor-11837 elementor-168\" data-elementor-post-type=\"page\">\n\t\t\t\t<div class=\"elementor-element elementor-element-7e8e658 e-con-full e-flex e-con e-parent\" data-id=\"7e8e658\" data-element_type=\"container\" data-e-type=\"container\" data-settings=\"{&quot;background_background&quot;:&quot;classic&quot;}\">\n\t\t<div class=\"elementor-element elementor-element-4e8c00a e-con-full e-flex e-con e-child\" data-id=\"4e8c00a\" data-element_type=\"container\" data-e-type=\"container\">\n\t\t\t\t<div class=\"elementor-element elementor-element-4f5672f elementor-widget__width-auto elementor-widget elementor-widget-heading\" data-id=\"4f5672f\" data-element_type=\"widget\" data-e-type=\"widget\" data-widget_type=\"heading.default\">\n\t\t\t\t\t<h1 class=\"elementor-heading-title elementor-size-default\">Laboratories<\/h1>\t\t\t\t<\/div>\n\t\t<div class=\"elementor-element elementor-element-80591b0 e-con-full e-flex e-con e-child\" data-id=\"80591b0\" data-element_type=\"container\" data-e-type=\"container\">\n\t\t\t\t<div class=\"elementor-element elementor-element-2754ddd elementor-widget elementor-widget-text-editor\" data-id=\"2754ddd\" data-element_type=\"widget\" data-e-type=\"widget\" data-widget_type=\"text-editor.default\">\n\t\t\t\t\t\t\t\t\t<p>CIIAE has a network of advanced laboratories designed to drive research and development of new energy technologies:<\/p>\t\t\t\t\t\t\t\t<\/div>\n\t\t\t\t<div class=\"elementor-element elementor-element-5381a3e elementor-widget elementor-widget-text-editor\" data-id=\"5381a3e\" data-element_type=\"widget\" data-e-type=\"widget\" data-widget_type=\"text-editor.default\">\n\t\t\t\t\t\t\t\t\t<ul><li>Spectroscopy and Structural Characterization Laboratory<\/li><li>Materials Characterization and Synthesis Laboratory<\/li><li>Thermal Energy Storage Materials Laboratory<\/li><li>Power Electronics Laboratory<\/li><li>Electrochemistry Laboratory<\/li><li>Energy Storage Systems Laboratory<\/li><li>Multiscale Simulation and Modeling Laboratory<\/li><\/ul>\t\t\t\t\t\t\t\t<\/div>\n\t\t\t\t<\/div>\n\t\t\t\t<\/div>\n\t\t\t\t<div class=\"elementor-element elementor-element-074d34c elementor-widget elementor-widget-video\" data-id=\"074d34c\" data-element_type=\"widget\" data-e-type=\"widget\" data-settings=\"{&quot;video_type&quot;:&quot;hosted&quot;,&quot;mute&quot;:&quot;yes&quot;,&quot;loop&quot;:&quot;yes&quot;}\" data-widget_type=\"video.default\">\n\t\t\t\t\t\t\t<div class=\"e-hosted-video elementor-wrapper elementor-open-inline\">\n\t\t\t\t\t<video class=\"elementor-video\" src=\"https:\/\/ciiae.org\/wp-content\/uploads\/2025\/12\/CIIAE-25-11-10-1080HD-2.mp4\" loop=\"\" preload=\"metadata\" muted=\"muted\" controlsList=\"nodownload\"><\/video>\n\t\t\t\t<\/div>\n\t\t\t\t\t\t<\/div>\n\t\t\t\t<\/div>\n\t\t<div class=\"elementor-element elementor-element-953f7b6 e-con-full e-flex e-con e-parent\" data-id=\"953f7b6\" data-element_type=\"container\" data-e-type=\"container\" data-settings=\"{&quot;background_background&quot;:&quot;classic&quot;}\">\n\t\t<div class=\"elementor-element elementor-element-8930b8d e-con-full e-flex e-con e-child\" data-id=\"8930b8d\" data-element_type=\"container\" data-e-type=\"container\">\n\t\t\t\t<div class=\"elementor-element elementor-element-ebf4e74 elementor-widget__width-auto elementor-widget elementor-widget-heading\" data-id=\"ebf4e74\" data-element_type=\"widget\" data-e-type=\"widget\" data-widget_type=\"heading.default\">\n\t\t\t\t\t<h2 class=\"elementor-heading-title elementor-size-default\">Pilot plants<\/h2>\t\t\t\t<\/div>\n\t\t<div class=\"elementor-element elementor-element-179dcce e-con-full e-flex e-con e-child\" data-id=\"179dcce\" data-element_type=\"container\" data-e-type=\"container\">\n\t\t\t\t<div class=\"elementor-element elementor-element-c091fc7 elementor-widget elementor-widget-text-editor\" data-id=\"c091fc7\" data-element_type=\"widget\" data-e-type=\"widget\" data-widget_type=\"text-editor.default\">\n\t\t\t\t\t\t\t\t\t<p>CIIAE has a versatile 2,000 m\u00b2 building dedicated to the industrial scale-up of advanced energy technologies.<\/p>\t\t\t\t\t\t\t\t<\/div>\n\t\t\t\t<div class=\"elementor-element elementor-element-cab3e63 elementor-widget elementor-widget-text-editor\" data-id=\"cab3e63\" data-element_type=\"widget\" data-e-type=\"widget\" data-widget_type=\"text-editor.default\">\n\t\t\t\t\t\t\t\t\t<p>This facility integrates five flexible and modular pilot plants, designed to validate in-house and third-party developments. The installations enable testing under real-world conditions and at megawatt scale, accelerating the transition from research to market-ready solutions.<\/p>\t\t\t\t\t\t\t\t<\/div>\n\t\t\t\t<div class=\"elementor-element elementor-element-822caf1 elementor-widget elementor-widget-image\" data-id=\"822caf1\" data-element_type=\"widget\" data-e-type=\"widget\" data-widget_type=\"image.default\">\n\t\t\t\t\t\t\t\t\t\t\t\t\t\t\t<img fetchpriority=\"high\" decoding=\"async\" width=\"1654\" height=\"940\" src=\"https:\/\/ciiae.org\/wp-content\/uploads\/2025\/12\/instalaciones.webp\" class=\"attachment-full size-full wp-image-11838\" alt=\"\" srcset=\"https:\/\/ciiae.org\/wp-content\/uploads\/2025\/12\/instalaciones.webp 1654w, https:\/\/ciiae.org\/wp-content\/uploads\/2025\/12\/instalaciones-300x170.webp 300w, https:\/\/ciiae.org\/wp-content\/uploads\/2025\/12\/instalaciones-1024x582.webp 1024w, https:\/\/ciiae.org\/wp-content\/uploads\/2025\/12\/instalaciones-768x436.webp 768w, https:\/\/ciiae.org\/wp-content\/uploads\/2025\/12\/instalaciones-1536x873.webp 1536w\" sizes=\"(max-width: 1654px) 100vw, 1654px\" \/>\t\t\t\t\t\t\t\t\t\t\t\t\t\t\t<\/div>\n\t\t\t\t<div class=\"elementor-element elementor-element-f91848c green-button elementor-widget elementor-widget-button\" data-id=\"f91848c\" data-element_type=\"widget\" data-e-type=\"widget\" data-widget_type=\"button.default\">\n\t\t\t\t\t\t\t\t\t\t<a class=\"elementor-button elementor-button-link elementor-size-sm elementor-animation-shrink\" href=\"https:\/\/ciiae.org\/en\/plantas-piloto\/\">\n\t\t\t\t\t\t<span class=\"elementor-button-content-wrapper\">\n\t\t\t\t\t\t<span class=\"elementor-button-icon\">\n\t\t\t\t<svg aria-hidden=\"true\" class=\"e-font-icon-svg e-fas-plus\" viewBox=\"0 0 448 512\" xmlns=\"http:\/\/www.w3.org\/2000\/svg\"><path d=\"M416 208H272V64c0-17.67-14.33-32-32-32h-32c-17.67 0-32 14.33-32 32v144H32c-17.67 0-32 14.33-32 32v32c0 17.67 14.33 32 32 32h144v144c0 17.67 14.33 32 32 32h32c17.67 0 32-14.33 32-32V304h144c17.67 0 32-14.33 32-32v-32c0-17.67-14.33-32-32-32z\"><\/path><\/svg>\t\t\t<\/span>\n\t\t\t\t\t\t\t\t\t<span class=\"elementor-button-text\">Discover more<\/span>\n\t\t\t\t\t<\/span>\n\t\t\t\t\t<\/a>\n\t\t\t\t\t\t\t\t<\/div>\n\t\t\t\t<\/div>\n\t\t\t\t<\/div>\n\t\t\t\t<\/div>\n\t\t\t\t<\/div>\n\t\t","protected":false},"excerpt":{"rendered":"<p>Laboratorios El CIIAE cuenta\u00a0con una red de laboratorios avanzados dise\u00f1ados para impulsar la investigaci\u00f3n y el desarrollo de nuevas tecnolog\u00edas energ\u00e9ticas: Laboratorio de espectroscop\u00eda y caracterizaci\u00f3n estructural Laboratorio de caracterizaci\u00f3n y s\u00edntesis de materiales Laboratorio de materiales para almacenamiento de energ\u00eda t\u00e9rmica Laboratorio de electr\u00f3nica de potencia Laboratorio de electroqu\u00edmica Laboratorio de sistemas de almacenamiento [&hellip;]<\/p>\n","protected":false},"author":1,"featured_media":0,"parent":0,"menu_order":0,"comment_status":"closed","ping_status":"closed","template":"elementor_header_footer","meta":{"footnotes":"","_links_to":"","_links_to_target":""},"class_list":["post-11837","page","type-page","status-publish","hentry"],"_links":{"self":[{"href":"https:\/\/ciiae.org\/en\/wp-json\/wp\/v2\/pages\/11837","targetHints":{"allow":["GET"]}}],"collection":[{"href":"https:\/\/ciiae.org\/en\/wp-json\/wp\/v2\/pages"}],"about":[{"href":"https:\/\/ciiae.org\/en\/wp-json\/wp\/v2\/types\/page"}],"author":[{"embeddable":true,"href":"https:\/\/ciiae.org\/en\/wp-json\/wp\/v2\/users\/1"}],"replies":[{"embeddable":true,"href":"https:\/\/ciiae.org\/en\/wp-json\/wp\/v2\/comments?post=11837"}],"version-history":[{"count":6,"href":"https:\/\/ciiae.org\/en\/wp-json\/wp\/v2\/pages\/11837\/revisions"}],"predecessor-version":[{"id":12252,"href":"https:\/\/ciiae.org\/en\/wp-json\/wp\/v2\/pages\/11837\/revisions\/12252"}],"wp:attachment":[{"href":"https:\/\/ciiae.org\/en\/wp-json\/wp\/v2\/media?parent=11837"}],"curies":[{"name":"wp","href":"https:\/\/api.w.org\/{rel}","templated":true}]}}