{"id":11876,"date":"2025-12-05T11:51:34","date_gmt":"2025-12-05T10:51:34","guid":{"rendered":"https:\/\/ciiae.org\/politica-de-privacidad\/"},"modified":"2026-01-19T11:51:04","modified_gmt":"2026-01-19T10:51:04","slug":"privacy-policy","status":"publish","type":"page","link":"https:\/\/ciiae.org\/en\/privacy-policy\/","title":{"rendered":"Privacy Policy"},"content":{"rendered":"\t\t<div data-elementor-type=\"wp-page\" data-elementor-id=\"11876\" class=\"elementor elementor-11876 elementor-9915\" data-elementor-post-type=\"page\">\n\t\t\t\t<div class=\"elementor-element elementor-element-0be0fb8 e-con-full e-flex e-con e-parent\" data-id=\"0be0fb8\" data-element_type=\"container\" data-e-type=\"container\">\n\t\t\t\t<div class=\"elementor-element elementor-element-f332916 elementor-widget elementor-widget-heading\" data-id=\"f332916\" data-element_type=\"widget\" data-e-type=\"widget\" data-widget_type=\"heading.default\">\n\t\t\t\t\t<h1 class=\"elementor-heading-title elementor-size-default\">Privacy Policy<\/h1>\t\t\t\t<\/div>\n\t\t<div class=\"elementor-element elementor-element-7a42459 e-flex e-con-boxed e-con e-child\" data-id=\"7a42459\" data-element_type=\"container\" data-e-type=\"container\">\n\t\t\t\t\t<div class=\"e-con-inner\">\n\t\t\t\t<div class=\"elementor-element elementor-element-d90b390 elementor-widget elementor-widget-text-editor\" data-id=\"d90b390\" data-element_type=\"widget\" data-e-type=\"widget\" data-widget_type=\"text-editor.default\">\n\t\t\t\t\t\t\t\t\t<p>The provider is fully committed to complying with personal data protection regulations and guarantees full compliance with the obligations established, as well as the implementation of technical and organizational security measures, in accordance with the Personal Data Protection Law (LOPD) and the European General Data Protection Regulation EU 2016\/679 (GDPR).<\/p><p>The provider makes available to users the entity\u2019s Privacy Policy, informing users about the following aspects:<\/p><ol><li>Data of the Data Controller.<\/li><li>Purpose.<\/li><li>Legal basis.<\/li><li>Recipients.<\/li><li>Origin.<\/li><li>Additional information.<\/li><\/ol><p>Whenever we need to obtain personal information from you, it is always requested that you provide it voluntarily and explicitly.<\/p><p>In compliance with the Personal Data Protection regulations, you explicitly consent to the personal data provided being processed under our responsibility for the following purposes:<\/p><ol><li>Managing our relationship and providing you with the requested personalized service.<\/li><li>Processing inquiries, advice, assignments, requests, or any type of petition made by the user through any of the contact methods available on the website of FUNDACI\u00d3N FUNDECYT-PARQUE CIENT\u00cdFICO Y TECNOL\u00d3GICO DE EXTREMADURA.<\/li><li>Sending commercial advertising communications about our products via email, fax, SMS, MMS, social media, or any other electronic or physical means, present or future, that allows commercial communication.<\/li><li>Processing your CV for personnel selection purposes.<\/li><\/ol><p>All requested data is mandatory; failure to provide it would make it impossible to carry out the purpose for which it is requested in each case.<\/p>\t\t\t\t\t\t\t\t<\/div>\n\t\t\t\t<div class=\"elementor-element elementor-element-4783542 elementor-widget elementor-widget-heading\" data-id=\"4783542\" data-element_type=\"widget\" data-e-type=\"widget\" data-widget_type=\"heading.default\">\n\t\t\t\t\t<h2 class=\"elementor-heading-title elementor-size-default\">INFORMATION ON DATA PROCESSING<\/h2>\t\t\t\t<\/div>\n\t\t\t\t<div class=\"elementor-element elementor-element-167a021 elementor-widget elementor-widget-text-editor\" data-id=\"167a021\" data-element_type=\"widget\" data-e-type=\"widget\" data-widget_type=\"text-editor.default\">\n\t\t\t\t\t\t\t\t\t<p>In accordance with the provisions of the European General Data Protection Regulation EU 2016\/679, the user must receive specific and detailed information from the Data Controller regarding the uses and purposes of the data processing. For this purpose, the following information is provided:<\/p>\t\t\t\t\t\t\t\t<\/div>\n\t\t\t\t<div class=\"elementor-element elementor-element-21d3e20 elementor-widget elementor-widget-heading\" data-id=\"21d3e20\" data-element_type=\"widget\" data-e-type=\"widget\" data-widget_type=\"heading.default\">\n\t\t\t\t\t<h3 class=\"elementor-heading-title elementor-size-default\">Who is the Data Controller of your personal data?<\/h3>\t\t\t\t<\/div>\n\t\t\t\t<div class=\"elementor-element elementor-element-f7a3640 elementor-widget elementor-widget-text-editor\" data-id=\"f7a3640\" data-element_type=\"widget\" data-e-type=\"widget\" data-widget_type=\"text-editor.default\">\n\t\t\t\t\t\t\t\t\t<ul><li>Identity: FUNDACI\u00d3N FUNDECYT-PARQUE CIENT\u00cdFICO Y TECNOL\u00d3GICO DE EXTREMADURA \u2013 Tax ID (CIF): G06630644<\/li><li>Postal address: PARQUE CIENT\u00cdFICO Y TECNOL\u00d3GICO DE EXTREMADURA, CAMPUS UNIVERSITARIO AV INVESTIGACI\u00d3N S\/N \u2013 06006 \u2013 BADAJOZ \u2013 (SPAIN)<\/li><li>Phone: <a href=\"tel:+34924014600\" target=\"_blank\" rel=\"noopener\">(+34) 924 014 600<\/a><\/li><li>Email: <a href=\"mailto:info@fundecyt-pctex.es\" target=\"_blank\" rel=\"noopener\">info@fundecyt-pctex.es<\/a><\/li><\/ul>\t\t\t\t\t\t\t\t<\/div>\n\t\t\t\t<div class=\"elementor-element elementor-element-5d09413 elementor-widget elementor-widget-heading\" data-id=\"5d09413\" data-element_type=\"widget\" data-e-type=\"widget\" data-widget_type=\"heading.default\">\n\t\t\t\t\t<h3 class=\"elementor-heading-title elementor-size-default\">For what purposes do we process your personal data?<\/h3>\t\t\t\t<\/div>\n\t\t\t\t<div class=\"elementor-element elementor-element-2cf3c49 elementor-widget elementor-widget-text-editor\" data-id=\"2cf3c49\" data-element_type=\"widget\" data-e-type=\"widget\" data-widget_type=\"text-editor.default\">\n\t\t\t\t\t\t\t\t\t<p>At FUNDACI\u00d3N FUNDECYT-PARQUE CIENT\u00cdFICO Y TECNOL\u00d3GICO DE EXTREMADURA, we process the information provided by interested individuals for the following purposes:<\/p><ol><li>To carry out the administrative, accounting, and tax management of our clients and beneficiaries regarding the requested services, respond to their requests through the various forms available on the website, and send them commercial communications, including electronically, about our products and services.<\/li><li>To carry out the administrative, accounting, and tax management of the contracted services, as well as the management of contact persons of our suppliers.<\/li><li>To register and manage access control for external persons entering our facilities.<\/li><li>To manage received r\u00e9sum\u00e9s (CVs) and carry out personnel selection processes.<\/li><li>To manage event attendees, handle their personal image, and send communications of interest, as well as invitations to future events and activities.<\/li><\/ol>\t\t\t\t\t\t\t\t<\/div>\n\t\t\t\t<div class=\"elementor-element elementor-element-e9d4192 elementor-widget elementor-widget-heading\" data-id=\"e9d4192\" data-element_type=\"widget\" data-e-type=\"widget\" data-widget_type=\"heading.default\">\n\t\t\t\t\t<h3 class=\"elementor-heading-title elementor-size-default\">How long will we keep your data?<\/h3>\t\t\t\t<\/div>\n\t\t\t\t<div class=\"elementor-element elementor-element-98958c5 elementor-widget elementor-widget-text-editor\" data-id=\"98958c5\" data-element_type=\"widget\" data-e-type=\"widget\" data-widget_type=\"text-editor.default\">\n\t\t\t\t\t\t\t\t\t<p>The data will be retained:<\/p><ol><li>While the contractual relationship is maintained or for the necessary years to comply with legal obligations.<\/li><li>Regarding the sending of promotional communications or information about new events or contests, until you request the deletion of your data.<\/li><li>For the registration of visits to our facilities by external personnel, for 5 years from the date of the last visit.<\/li><li>In relation to r\u00e9sum\u00e9s (CVs), for 5 years from the date of the last interaction.<\/li><\/ol>\t\t\t\t\t\t\t\t<\/div>\n\t\t\t\t<div class=\"elementor-element elementor-element-6412db2 elementor-widget elementor-widget-heading\" data-id=\"6412db2\" data-element_type=\"widget\" data-e-type=\"widget\" data-widget_type=\"heading.default\">\n\t\t\t\t\t<h3 class=\"elementor-heading-title elementor-size-default\">What is the legal basis for processing your data?<\/h3>\t\t\t\t<\/div>\n\t\t\t\t<div class=\"elementor-element elementor-element-9190c38 elementor-widget elementor-widget-text-editor\" data-id=\"9190c38\" data-element_type=\"widget\" data-e-type=\"widget\" data-widget_type=\"text-editor.default\">\n\t\t\t\t\t\t\t\t\t<p>We indicate below the legal basis for processing your data:<\/p><ul><li>Performance of a contract: Provision of the requested services and handling your request.<\/li><li>Performance of a contract: Carrying out the administrative, accounting, and tax management of the contracted services, as well as the management of contact persons of the suppliers.<\/li><li>Legitimate interest of the Data Controller: Sending commercial communications.<\/li><li>Legitimate interest of the Data Controller: Registration and management of visits to the facilities.<\/li><li>Consent of the data subject: For the registration or handling of your request through web forms, and for sending commercial communications, including electronically.<\/li><li>Consent of the data subject: Organizing and managing event attendees, handling their personal image in photographic or video format for exclusive use in promotional or informational publications of our entity, such as magazines, posters, etc.<br \/>This will also be used for the same purpose on our website or social media spaces owned by Fundecyt-PCTEX, and for sending information of interest and invitations to new events organized, including electronically.<\/li><li>Consent of the data subject: Managing received r\u00e9sum\u00e9s (CVs) and carrying out personnel selection processes.<\/li><\/ul>\t\t\t\t\t\t\t\t<\/div>\n\t\t\t\t<div class=\"elementor-element elementor-element-a535848 elementor-widget elementor-widget-heading\" data-id=\"a535848\" data-element_type=\"widget\" data-e-type=\"widget\" data-widget_type=\"heading.default\">\n\t\t\t\t\t<h3 class=\"elementor-heading-title elementor-size-default\">To which recipients will your data be disclosed?<\/h3>\t\t\t\t<\/div>\n\t\t\t\t<div class=\"elementor-element elementor-element-256a1f5 elementor-widget elementor-widget-text-editor\" data-id=\"256a1f5\" data-element_type=\"widget\" data-e-type=\"widget\" data-widget_type=\"text-editor.default\">\n\t\t\t\t\t\t\t\t\t<p>Regarding clients, suppliers, and beneficiaries of the Foundation, the data will be disclosed to the following recipients:<\/p><ul><li>Tax Agency (Agencia Tributaria): For the purpose of complying with legal obligations.<\/li><li>Financial institutions: For the purpose of processing the corresponding payments.<\/li><li>Public or private entities that manage project funding lines: For the purpose of controlling and justifying the expenses incurred in the execution of projects.<\/li><li>Junta de Extremadura, University of Extremadura, and Fundaci\u00f3n Caja de Badajoz, members of the Foundation\u2019s Board of Trustees: For the purpose of controlling and justifying the funds allocated to finance our entity.<\/li><\/ul><p>Regarding events organized by our entity, the data will be disclosed to the following recipients:<\/p><ul><li>Entities participating in the organization of the event: For the purpose of providing the necessary services and ensuring the proper functioning of the event.<\/li><li>Users of our website, social media spaces, and other communication channels of our entity: For the purpose of promoting the events and activities organized by us.<\/li><\/ul><p>Regarding the processing of r\u00e9sum\u00e9s (CVs), the data will be disclosed to the following recipients:<\/p><ul><li>Private entities or professionals, who will be informed, seeking a profile similar to yours, for the purpose of including candidates in their personnel selection processes.<\/li><li>Users of our website: For the purpose of providing information about the candidates applying for the current job offer and ensuring maximum transparency in the selection process.<\/li><\/ul>\t\t\t\t\t\t\t\t<\/div>\n\t\t\t\t<div class=\"elementor-element elementor-element-8910935 elementor-widget elementor-widget-heading\" data-id=\"8910935\" data-element_type=\"widget\" data-e-type=\"widget\" data-widget_type=\"heading.default\">\n\t\t\t\t\t<h3 class=\"elementor-heading-title elementor-size-default\">Transfers of data to third countries?<\/h3>\t\t\t\t<\/div>\n\t\t\t\t<div class=\"elementor-element elementor-element-94b6f56 elementor-widget elementor-widget-text-editor\" data-id=\"94b6f56\" data-element_type=\"widget\" data-e-type=\"widget\" data-widget_type=\"text-editor.default\">\n\t\t\t\t\t\t\t\t\t<p>No transfers of data to third countries are planned.<\/p>\t\t\t\t\t\t\t\t<\/div>\n\t\t\t\t<div class=\"elementor-element elementor-element-bc2e959 elementor-widget elementor-widget-heading\" data-id=\"bc2e959\" data-element_type=\"widget\" data-e-type=\"widget\" data-widget_type=\"heading.default\">\n\t\t\t\t\t<h3 class=\"elementor-heading-title elementor-size-default\">What are your rights when you provide us with your data?<\/h3>\t\t\t\t<\/div>\n\t\t\t\t<div class=\"elementor-element elementor-element-5213100 elementor-widget elementor-widget-text-editor\" data-id=\"5213100\" data-element_type=\"widget\" data-e-type=\"widget\" data-widget_type=\"text-editor.default\">\n\t\t\t\t\t\t\t\t\t<p>Any individual has the right to obtain confirmation as to whether FUNDACI\u00d3N FUNDECYT-PARQUE CIENT\u00cdFICO Y TECNOL\u00d3GICO DE EXTREMADURA is processing personal data concerning them or not.<\/p><p>Interested individuals have the right to access their personal data, as well as to request the correction of inaccurate data or, where applicable, request its deletion when, among other reasons, the data is no longer necessary for the purposes for which it was collected.<\/p><p>Under certain circumstances, individuals may request the restriction of the processing of their data, in which case we will only retain it for the exercise or defense of claims.<\/p><p>Under certain circumstances and for reasons related to their particular situation, individuals may object to the processing of their data. In this case, FUNDACI\u00d3N FUNDECYT-PARQUE CIENT\u00cdFICO Y TECNOL\u00d3GICO DE EXTREMADURA will cease processing the data, except for compelling legitimate reasons or the exercise or defense of possible claims.<\/p><p>You can exercise your rights as follows: You have the right to access, rectify, and delete your data, as well as other rights indicated in the additional information, which can be exercised by contacting the Data Protection Officer at Calle Servando Gonz\u00e1lez Becerra 1 1\u00ba oficina J \u2013 06011 \u2013 BADAJOZ \u2013 SPAIN, or via email at privacidad@fundecyt-pctex.es.<\/p><p>If you have given your consent for a specific purpose, you have the right to withdraw that consent at any time, without affecting the lawfulness of the processing based on consent prior to its withdrawal.<\/p><p>If you feel that your rights regarding the protection of your personal data have been violated, especially if you have not obtained satisfaction in exercising your rights, you may file a complaint with the competent Data Protection Authority through its website: www.agpd.es.<\/p>\t\t\t\t\t\t\t\t<\/div>\n\t\t\t\t<div class=\"elementor-element elementor-element-2e78fd2 elementor-widget elementor-widget-heading\" data-id=\"2e78fd2\" data-element_type=\"widget\" data-e-type=\"widget\" data-widget_type=\"heading.default\">\n\t\t\t\t\t<h3 class=\"elementor-heading-title elementor-size-default\">How have we obtained your data?<\/h3>\t\t\t\t<\/div>\n\t\t\t\t<div class=\"elementor-element elementor-element-e0c6b84 elementor-widget elementor-widget-text-editor\" data-id=\"e0c6b84\" data-element_type=\"widget\" data-e-type=\"widget\" data-widget_type=\"text-editor.default\">\n\t\t\t\t\t\t\t\t\t<p>The personal data processed by FUNDACI\u00d3N FUNDECYT-PARQUE CIENT\u00cdFICO Y TECNOL\u00d3GICO DE EXTREMADURA comes from the data subject themselves or their legal representative.<\/p><p>The categories of data processed are:<\/p><ul><li>Identifying data<\/li><li>Postal and email addresses<\/li><li>Commercial information<\/li><\/ul><p>No special categories of personal data are processed (these are data that reveal racial or ethnic origin, political opinions, religious or philosophical beliefs, or trade union membership, genetic data, biometric data aimed at uniquely identifying a natural person, data concerning health, or data concerning a person\u2019s sex life or sexual orientation).<\/p>\t\t\t\t\t\t\t\t<\/div>\n\t\t\t\t<div class=\"elementor-element elementor-element-7e0c537 elementor-widget elementor-widget-heading\" data-id=\"7e0c537\" data-element_type=\"widget\" data-e-type=\"widget\" data-widget_type=\"heading.default\">\n\t\t\t\t\t<h3 class=\"elementor-heading-title elementor-size-default\">INTELLECTUAL PROPERTY<\/h3>\t\t\t\t<\/div>\n\t\t\t\t<div class=\"elementor-element elementor-element-0cbf333 elementor-widget elementor-widget-text-editor\" data-id=\"0cbf333\" data-element_type=\"widget\" data-e-type=\"widget\" data-widget_type=\"text-editor.default\">\n\t\t\t\t\t\t\t\t\t<p>The website, including designs, logos, text, and\/or graphics, is owned by the provider or, where applicable, is used under license or with the express authorization of the authors. All content on the website is duly protected by intellectual and industrial property laws and is registered with the corresponding public registries.<\/p><p>Designs, logos, text, and\/or graphics belonging to third parties that may appear on the website are the property of their respective owners, who are responsible for any potential disputes that may arise regarding them. In any case, the provider has obtained their prior express authorization.<\/p>\t\t\t\t\t\t\t\t<\/div>\n\t\t\t\t<div class=\"elementor-element elementor-element-bcef044 elementor-widget elementor-widget-heading\" data-id=\"bcef044\" data-element_type=\"widget\" data-e-type=\"widget\" data-widget_type=\"heading.default\">\n\t\t\t\t\t<h3 class=\"elementor-heading-title elementor-size-default\">MINORS (UNDER 14 YEARS OLD)<\/h3>\t\t\t\t<\/div>\n\t\t\t\t<div class=\"elementor-element elementor-element-e11158f elementor-widget elementor-widget-text-editor\" data-id=\"e11158f\" data-element_type=\"widget\" data-e-type=\"widget\" data-widget_type=\"text-editor.default\">\n\t\t\t\t\t\t\t\t\t<p>NOTICE: To use the services offered on the website, minors under 14 years of age must first obtain authorization from their parents, guardians, or legal representatives, as they will be responsible for the actions carried out by the minors under their care, including determining the content and services to which they may have access. This authorization can be provided via email at: privacidad@fundecyt-pctex.es<\/p>\t\t\t\t\t\t\t\t<\/div>\n\t\t\t\t<div class=\"elementor-element elementor-element-53fdb69 elementor-widget elementor-widget-heading\" data-id=\"53fdb69\" data-element_type=\"widget\" data-e-type=\"widget\" data-widget_type=\"heading.default\">\n\t\t\t\t\t<h3 class=\"elementor-heading-title elementor-size-default\">INTELLECTUAL PROPERTY<\/h3>\t\t\t\t<\/div>\n\t\t\t\t<div class=\"elementor-element elementor-element-fd536eb elementor-widget elementor-widget-text-editor\" data-id=\"fd536eb\" data-element_type=\"widget\" data-e-type=\"widget\" data-widget_type=\"text-editor.default\">\n\t\t\t\t\t\t\t\t\t<p>NOTICE: To use the services offered on the website, minors under 14 years of age must first obtain authorization from their parents, guardians, or legal representatives, as they will be responsible for the actions performed by the minors under their care, including determining the content and services to which they may have access. This authorization can be provided via email at: privacidad@fundecyt-pctex.es<\/p>\t\t\t\t\t\t\t\t<\/div>\n\t\t\t\t<div class=\"elementor-element elementor-element-94009ba elementor-widget elementor-widget-heading\" data-id=\"94009ba\" data-element_type=\"widget\" data-e-type=\"widget\" data-widget_type=\"heading.default\">\n\t\t\t\t\t<h3 class=\"elementor-heading-title elementor-size-default\">APPLICABLE LAW AND JURISDICTION<\/h3>\t\t\t\t<\/div>\n\t\t\t\t<div class=\"elementor-element elementor-element-7bb4db0 elementor-widget elementor-widget-text-editor\" data-id=\"7bb4db0\" data-element_type=\"widget\" data-e-type=\"widget\" data-widget_type=\"text-editor.default\">\n\t\t\t\t\t\t\t\t\t<p>For the resolution of all disputes or issues related to this website or the activities carried out on it, Spanish law shall apply, to which the parties expressly submit. The courts and tribunals of the province of the website owner shall have jurisdiction over all conflicts arising from or related to its use.<\/p><ul><li>These terms and conditions shall be governed by the current Spanish legislation.<\/li><li>The language to be used shall be Spanish.<\/li><\/ul>\t\t\t\t\t\t\t\t<\/div>\n\t\t\t\t\t<\/div>\n\t\t\t\t<\/div>\n\t\t\t\t<\/div>\n\t\t\t\t<\/div>\n\t\t","protected":false},"excerpt":{"rendered":"<p>El prestador se encuentra profundamente comprometido con el cumplimiento de la normativa en protecci\u00f3n de datos de car\u00e1cter personal, y garantiza el cumplimiento \u00edntegro de las obligaciones dispuestas, as\u00ed como la implementaci\u00f3n de las medidas de seguridad t\u00e9cnicas y organizativas, de Protecci\u00f3n de Datos de Car\u00e1cter Personal (LOPD) y el Reglamento General de Protecci\u00f3n de [&hellip;]<\/p>\n","protected":false},"author":1,"featured_media":0,"parent":0,"menu_order":0,"comment_status":"closed","ping_status":"closed","template":"","meta":{"footnotes":"","_links_to":"","_links_to_target":""},"class_list":["post-11876","page","type-page","status-publish","hentry"],"_links":{"self":[{"href":"https:\/\/ciiae.org\/en\/wp-json\/wp\/v2\/pages\/11876","targetHints":{"allow":["GET"]}}],"collection":[{"href":"https:\/\/ciiae.org\/en\/wp-json\/wp\/v2\/pages"}],"about":[{"href":"https:\/\/ciiae.org\/en\/wp-json\/wp\/v2\/types\/page"}],"author":[{"embeddable":true,"href":"https:\/\/ciiae.org\/en\/wp-json\/wp\/v2\/users\/1"}],"replies":[{"embeddable":true,"href":"https:\/\/ciiae.org\/en\/wp-json\/wp\/v2\/comments?post=11876"}],"version-history":[{"count":5,"href":"https:\/\/ciiae.org\/en\/wp-json\/wp\/v2\/pages\/11876\/revisions"}],"predecessor-version":[{"id":12051,"href":"https:\/\/ciiae.org\/en\/wp-json\/wp\/v2\/pages\/11876\/revisions\/12051"}],"wp:attachment":[{"href":"https:\/\/ciiae.org\/en\/wp-json\/wp\/v2\/media?parent=11876"}],"curies":[{"name":"wp","href":"https:\/\/api.w.org\/{rel}","templated":true}]}}