{"id":11839,"date":"2025-12-03T15:56:39","date_gmt":"2025-12-03T14:56:39","guid":{"rendered":"https:\/\/ciiae.org\/instalaciones\/"},"modified":"2026-01-19T13:13:59","modified_gmt":"2026-01-19T12:13:59","slug":"instalacoes","status":"publish","type":"page","link":"https:\/\/ciiae.org\/pt-pt\/instalacoes\/","title":{"rendered":"Instala\u00e7\u00f5es"},"content":{"rendered":"\t\t<div data-elementor-type=\"wp-page\" data-elementor-id=\"11839\" class=\"elementor elementor-11839 elementor-168\" data-elementor-post-type=\"page\">\n\t\t\t\t<div class=\"elementor-element elementor-element-7e8e658 e-con-full e-flex e-con e-parent\" data-id=\"7e8e658\" data-element_type=\"container\" data-e-type=\"container\" data-settings=\"{&quot;background_background&quot;:&quot;classic&quot;}\">\n\t\t<div class=\"elementor-element elementor-element-4e8c00a e-con-full e-flex e-con e-child\" data-id=\"4e8c00a\" data-element_type=\"container\" data-e-type=\"container\">\n\t\t\t\t<div class=\"elementor-element elementor-element-4f5672f elementor-widget__width-auto elementor-widget elementor-widget-heading\" data-id=\"4f5672f\" data-element_type=\"widget\" data-e-type=\"widget\" data-widget_type=\"heading.default\">\n\t\t\t\t\t<h1 class=\"elementor-heading-title elementor-size-default\">Laborat\u00f3rios<\/h1>\t\t\t\t<\/div>\n\t\t<div class=\"elementor-element elementor-element-80591b0 e-con-full e-flex e-con e-child\" data-id=\"80591b0\" data-element_type=\"container\" data-e-type=\"container\">\n\t\t\t\t<div class=\"elementor-element elementor-element-2754ddd elementor-widget elementor-widget-text-editor\" data-id=\"2754ddd\" data-element_type=\"widget\" data-e-type=\"widget\" data-widget_type=\"text-editor.default\">\n\t\t\t\t\t\t\t\t\t<p>O CIIAE disp\u00f5e de uma rede de laborat\u00f3rios avan\u00e7ados concebidos para impulsionar a investiga\u00e7\u00e3o e o desenvolvimento de novas tecnologias energ\u00e9ticas:<\/p>\t\t\t\t\t\t\t\t<\/div>\n\t\t\t\t<div class=\"elementor-element elementor-element-5381a3e elementor-widget elementor-widget-text-editor\" data-id=\"5381a3e\" data-element_type=\"widget\" data-e-type=\"widget\" data-widget_type=\"text-editor.default\">\n\t\t\t\t\t\t\t\t\t<ul><li>Laborat\u00f3rio de espectroscopia e caracteriza\u00e7\u00e3o estrutural<\/li><li>Laborat\u00f3rio de caracteriza\u00e7\u00e3o e s\u00edntese de materiais<\/li><li>Laborat\u00f3rio de materiais para armazenamento de energia t\u00e9rmica<\/li><li>Laborat\u00f3rio de eletr\u00f3nica de pot\u00eancia<\/li><li>Laborat\u00f3rio de eletroqu\u00edmica<\/li><li>Laborat\u00f3rio de sistemas de armazenamento de energia<\/li><li>Laborat\u00f3rio de simula\u00e7\u00e3o e modela\u00e7\u00e3o multiescala<\/li><\/ul>\t\t\t\t\t\t\t\t<\/div>\n\t\t\t\t<\/div>\n\t\t\t\t<\/div>\n\t\t\t\t<div class=\"elementor-element elementor-element-074d34c elementor-widget elementor-widget-video\" data-id=\"074d34c\" data-element_type=\"widget\" data-e-type=\"widget\" data-settings=\"{&quot;video_type&quot;:&quot;hosted&quot;,&quot;mute&quot;:&quot;yes&quot;,&quot;loop&quot;:&quot;yes&quot;}\" data-widget_type=\"video.default\">\n\t\t\t\t\t\t\t<div class=\"e-hosted-video elementor-wrapper elementor-open-inline\">\n\t\t\t\t\t<video class=\"elementor-video\" src=\"https:\/\/ciiae.org\/wp-content\/uploads\/2025\/12\/CIIAE-25-11-10-1080HD-2.mp4\" loop=\"\" preload=\"metadata\" muted=\"muted\" controlsList=\"nodownload\"><\/video>\n\t\t\t\t<\/div>\n\t\t\t\t\t\t<\/div>\n\t\t\t\t<\/div>\n\t\t<div class=\"elementor-element elementor-element-953f7b6 e-con-full e-flex e-con e-parent\" data-id=\"953f7b6\" data-element_type=\"container\" data-e-type=\"container\" data-settings=\"{&quot;background_background&quot;:&quot;classic&quot;}\">\n\t\t<div class=\"elementor-element elementor-element-8930b8d e-con-full e-flex e-con e-child\" data-id=\"8930b8d\" data-element_type=\"container\" data-e-type=\"container\">\n\t\t\t\t<div class=\"elementor-element elementor-element-ebf4e74 elementor-widget__width-auto elementor-widget elementor-widget-heading\" data-id=\"ebf4e74\" data-element_type=\"widget\" data-e-type=\"widget\" data-widget_type=\"heading.default\">\n\t\t\t\t\t<h2 class=\"elementor-heading-title elementor-size-default\">Plantas piloto<\/h2>\t\t\t\t<\/div>\n\t\t<div class=\"elementor-element elementor-element-179dcce e-con-full e-flex e-con e-child\" data-id=\"179dcce\" data-element_type=\"container\" data-e-type=\"container\">\n\t\t\t\t<div class=\"elementor-element elementor-element-c091fc7 elementor-widget elementor-widget-text-editor\" data-id=\"c091fc7\" data-element_type=\"widget\" data-e-type=\"widget\" data-widget_type=\"text-editor.default\">\n\t\t\t\t\t\t\t\t\t<p>O CIIAE disp\u00f5e de um edif\u00edcio vers\u00e1til de 2 000 m\u00b2 destinado ao escalonamento industrial de tecnologias energ\u00e9ticas avan\u00e7adas.<\/p>\t\t\t\t\t\t\t\t<\/div>\n\t\t\t\t<div class=\"elementor-element elementor-element-cab3e63 elementor-widget elementor-widget-text-editor\" data-id=\"cab3e63\" data-element_type=\"widget\" data-e-type=\"widget\" data-widget_type=\"text-editor.default\">\n\t\t\t\t\t\t\t\t\t<p>Neste espa\u00e7o integram-se cinco plantas piloto flex\u00edveis e modulares, concebidas para validar desenvolvimentos pr\u00f3prios e de terceiros. As instala\u00e7\u00f5es permitem realizar ensaios em condi\u00e7\u00f5es reais e \u00e0 escala de megawatt, acelerando a transi\u00e7\u00e3o da investiga\u00e7\u00e3o para solu\u00e7\u00f5es aplic\u00e1veis no mercado.<\/p>\t\t\t\t\t\t\t\t<\/div>\n\t\t\t\t<div class=\"elementor-element elementor-element-822caf1 elementor-widget elementor-widget-image\" data-id=\"822caf1\" data-element_type=\"widget\" data-e-type=\"widget\" data-widget_type=\"image.default\">\n\t\t\t\t\t\t\t\t\t\t\t\t\t\t\t<img fetchpriority=\"high\" decoding=\"async\" width=\"1654\" height=\"940\" src=\"https:\/\/ciiae.org\/wp-content\/uploads\/2025\/12\/instalaciones.webp\" class=\"attachment-full size-full wp-image-11840\" alt=\"\" srcset=\"https:\/\/ciiae.org\/wp-content\/uploads\/2025\/12\/instalaciones.webp 1654w, https:\/\/ciiae.org\/wp-content\/uploads\/2025\/12\/instalaciones-300x170.webp 300w, https:\/\/ciiae.org\/wp-content\/uploads\/2025\/12\/instalaciones-1024x582.webp 1024w, https:\/\/ciiae.org\/wp-content\/uploads\/2025\/12\/instalaciones-768x436.webp 768w, https:\/\/ciiae.org\/wp-content\/uploads\/2025\/12\/instalaciones-1536x873.webp 1536w\" sizes=\"(max-width: 1654px) 100vw, 1654px\" \/>\t\t\t\t\t\t\t\t\t\t\t\t\t\t\t<\/div>\n\t\t\t\t<div class=\"elementor-element elementor-element-f91848c green-button elementor-widget elementor-widget-button\" data-id=\"f91848c\" data-element_type=\"widget\" data-e-type=\"widget\" data-widget_type=\"button.default\">\n\t\t\t\t\t\t\t\t\t\t<a class=\"elementor-button elementor-button-link elementor-size-sm elementor-animation-shrink\" href=\"\/research\/plantas-piloto\">\n\t\t\t\t\t\t<span class=\"elementor-button-content-wrapper\">\n\t\t\t\t\t\t<span class=\"elementor-button-icon\">\n\t\t\t\t<svg aria-hidden=\"true\" class=\"e-font-icon-svg e-fas-plus\" viewBox=\"0 0 448 512\" xmlns=\"http:\/\/www.w3.org\/2000\/svg\"><path d=\"M416 208H272V64c0-17.67-14.33-32-32-32h-32c-17.67 0-32 14.33-32 32v144H32c-17.67 0-32 14.33-32 32v32c0 17.67 14.33 32 32 32h144v144c0 17.67 14.33 32 32 32h32c17.67 0 32-14.33 32-32V304h144c17.67 0 32-14.33 32-32v-32c0-17.67-14.33-32-32-32z\"><\/path><\/svg>\t\t\t<\/span>\n\t\t\t\t\t\t\t\t\t<span class=\"elementor-button-text\">Descubra mais<\/span>\n\t\t\t\t\t<\/span>\n\t\t\t\t\t<\/a>\n\t\t\t\t\t\t\t\t<\/div>\n\t\t\t\t<\/div>\n\t\t\t\t<\/div>\n\t\t\t\t<\/div>\n\t\t\t\t<\/div>\n\t\t","protected":false},"excerpt":{"rendered":"<p>Laboratorios El CIIAE cuenta\u00a0con una red de laboratorios avanzados dise\u00f1ados para impulsar la investigaci\u00f3n y el desarrollo de nuevas tecnolog\u00edas energ\u00e9ticas: Laboratorio de espectroscop\u00eda y caracterizaci\u00f3n estructural Laboratorio de caracterizaci\u00f3n y s\u00edntesis de materiales Laboratorio de materiales para almacenamiento de energ\u00eda t\u00e9rmica Laboratorio de electr\u00f3nica de potencia Laboratorio de electroqu\u00edmica Laboratorio de sistemas de almacenamiento [&hellip;]<\/p>\n","protected":false},"author":1,"featured_media":0,"parent":0,"menu_order":0,"comment_status":"closed","ping_status":"closed","template":"elementor_header_footer","meta":{"footnotes":"","_links_to":"","_links_to_target":""},"class_list":["post-11839","page","type-page","status-publish","hentry"],"_links":{"self":[{"href":"https:\/\/ciiae.org\/pt-pt\/wp-json\/wp\/v2\/pages\/11839","targetHints":{"allow":["GET"]}}],"collection":[{"href":"https:\/\/ciiae.org\/pt-pt\/wp-json\/wp\/v2\/pages"}],"about":[{"href":"https:\/\/ciiae.org\/pt-pt\/wp-json\/wp\/v2\/types\/page"}],"author":[{"embeddable":true,"href":"https:\/\/ciiae.org\/pt-pt\/wp-json\/wp\/v2\/users\/1"}],"replies":[{"embeddable":true,"href":"https:\/\/ciiae.org\/pt-pt\/wp-json\/wp\/v2\/comments?post=11839"}],"version-history":[{"count":6,"href":"https:\/\/ciiae.org\/pt-pt\/wp-json\/wp\/v2\/pages\/11839\/revisions"}],"predecessor-version":[{"id":12267,"href":"https:\/\/ciiae.org\/pt-pt\/wp-json\/wp\/v2\/pages\/11839\/revisions\/12267"}],"wp:attachment":[{"href":"https:\/\/ciiae.org\/pt-pt\/wp-json\/wp\/v2\/media?parent=11839"}],"curies":[{"name":"wp","href":"https:\/\/api.w.org\/{rel}","templated":true}]}}