{"id":11877,"date":"2025-12-05T11:51:34","date_gmt":"2025-12-05T10:51:34","guid":{"rendered":"https:\/\/ciiae.org\/politica-de-privacidad\/"},"modified":"2026-01-19T12:09:28","modified_gmt":"2026-01-19T11:09:28","slug":"politica-de-privacidade","status":"publish","type":"page","link":"https:\/\/ciiae.org\/pt-pt\/politica-de-privacidade\/","title":{"rendered":"Pol\u00edtica de Privacidade"},"content":{"rendered":"\t\t<div data-elementor-type=\"wp-page\" data-elementor-id=\"11877\" class=\"elementor elementor-11877 elementor-9915\" data-elementor-post-type=\"page\">\n\t\t\t\t<div class=\"elementor-element elementor-element-0be0fb8 e-con-full e-flex e-con e-parent\" data-id=\"0be0fb8\" data-element_type=\"container\" data-e-type=\"container\">\n\t\t\t\t<div class=\"elementor-element elementor-element-f332916 elementor-widget elementor-widget-heading\" data-id=\"f332916\" data-element_type=\"widget\" data-e-type=\"widget\" data-widget_type=\"heading.default\">\n\t\t\t\t\t<h1 class=\"elementor-heading-title elementor-size-default\">Pol\u00edtica de Privacidade<\/h1>\t\t\t\t<\/div>\n\t\t<div class=\"elementor-element elementor-element-7a42459 e-flex e-con-boxed e-con e-child\" data-id=\"7a42459\" data-element_type=\"container\" data-e-type=\"container\">\n\t\t\t\t\t<div class=\"e-con-inner\">\n\t\t\t\t<div class=\"elementor-element elementor-element-d90b390 elementor-widget elementor-widget-text-editor\" data-id=\"d90b390\" data-element_type=\"widget\" data-e-type=\"widget\" data-widget_type=\"text-editor.default\">\n\t\t\t\t\t\t\t\t\t<p>O prestador encontra-se profundamente comprometido com o cumprimento da normativa em mat\u00e9ria de prote\u00e7\u00e3o de dados pessoais, e garante o cumprimento integral das obriga\u00e7\u00f5es estabelecidas, bem como a implementa\u00e7\u00e3o das medidas de seguran\u00e7a t\u00e9cnicas e organizativas, de Prote\u00e7\u00e3o de Dados Pessoais (LOPD) e do Regulamento Geral de Prote\u00e7\u00e3o de Dados da Europa UE 2016\/679 (RGPD).<\/p><p>O prestador disponibiliza aos utilizadores a Pol\u00edtica de Privacidade da entidade, informando-os relativamente aos seguintes aspetos:<\/p><ol><li>Dados do Respons\u00e1vel pelo tratamento.<\/li><li>Finalidade.<\/li><li>Legitimidade.<\/li><li>Destinat\u00e1rios.<\/li><li>Proced\u00eancia.<\/li><li>Informa\u00e7\u00e3o adicional.<\/li><\/ol><p>Quando for necess\u00e1rio obter informa\u00e7\u00e3o pessoal da sua parte, ser\u00e1 sempre solicitado que nos a forne\u00e7a de forma volunt\u00e1ria e expressa.<\/p><p>Em cumprimento da normativa em Prote\u00e7\u00e3o de Dados Pessoais, consente explicitamente que os dados pessoais fornecidos sejam tratados sob a nossa responsabilidade, para realizar as seguintes finalidades:<\/p><ol><li>Gerir a nossa rela\u00e7\u00e3o e oferecer-lhe o servi\u00e7o solicitado de forma personalizada.<\/li><li>Processamento de consultas, aconselhamento, encargos, pedidos ou qualquer tipo de solicita\u00e7\u00e3o realizada pelo utilizador atrav\u00e9s de qualquer uma das formas de contacto disponibilizadas no s\u00edtio web da FUNDA\u00c7\u00c3O FUNDECYT-PARQUE CIENT\u00cdFICO E TECNOL\u00d3GICO DE EXTREMADURA.<\/li><li>Envio de comunica\u00e7\u00f5es comerciais publicit\u00e1rias sobre os nossos produtos por e-mail, fax, SMS, MMS, redes sociais ou qualquer outro meio eletr\u00f3nico ou f\u00edsico, presente ou futuro, que possibilite a realiza\u00e7\u00e3o de comunica\u00e7\u00f5es comerciais.<\/li><li>Tratamento do seu CV para sele\u00e7\u00e3o de pessoal.<\/li><\/ol><p>Todos os dados solicitados s\u00e3o obrigat\u00f3rios; caso n\u00e3o sejam fornecidos, ser\u00e1 imposs\u00edvel concretizar a finalidade para a qual s\u00e3o solicitados em cada caso.<\/p>\t\t\t\t\t\t\t\t<\/div>\n\t\t\t\t<div class=\"elementor-element elementor-element-4783542 elementor-widget elementor-widget-heading\" data-id=\"4783542\" data-element_type=\"widget\" data-e-type=\"widget\" data-widget_type=\"heading.default\">\n\t\t\t\t\t<h2 class=\"elementor-heading-title elementor-size-default\">INFORMA\u00c7\u00c3O SOBRE O TRATAMENTO<\/h2>\t\t\t\t<\/div>\n\t\t\t\t<div class=\"elementor-element elementor-element-167a021 elementor-widget elementor-widget-text-editor\" data-id=\"167a021\" data-element_type=\"widget\" data-e-type=\"widget\" data-widget_type=\"text-editor.default\">\n\t\t\t\t\t\t\t\t\t<p>Nos termos do Regulamento Geral de Prote\u00e7\u00e3o de Dados UE 2016\/679, o utilizador deve receber informa\u00e7\u00e3o clara e concreta sobre o respons\u00e1vel pelo tratamento e os usos e finalidades do mesmo. Para tal, indica-se a seguinte informa\u00e7\u00e3o:<\/p>\t\t\t\t\t\t\t\t<\/div>\n\t\t\t\t<div class=\"elementor-element elementor-element-21d3e20 elementor-widget elementor-widget-heading\" data-id=\"21d3e20\" data-element_type=\"widget\" data-e-type=\"widget\" data-widget_type=\"heading.default\">\n\t\t\t\t\t<h3 class=\"elementor-heading-title elementor-size-default\">Quem \u00e9 o respons\u00e1vel pelo tratamento dos seus dados?<\/h3>\t\t\t\t<\/div>\n\t\t\t\t<div class=\"elementor-element elementor-element-f7a3640 elementor-widget elementor-widget-text-editor\" data-id=\"f7a3640\" data-element_type=\"widget\" data-e-type=\"widget\" data-widget_type=\"text-editor.default\">\n\t\t\t\t\t\t\t\t\t<ul><li>Identidade: FUNDA\u00c7\u00c3O FUNDECYT-PARQUE CIENT\u00cdFICO E TECNOL\u00d3GICO DE EXTREMADURA \u2013 NIF: G06630644<\/li><li>Morada postal: PARQUE CIENT\u00cdFICO E TECNOL\u00d3GICO DE EXTREMADURA, CAMPUS UNIVERSIT\u00c1RIO AV INVESTIGA\u00c7\u00c3O S\/N \u2013 06006 \u2013 BADAJOZ \u2013 (ESPANHA)<\/li><li>Telefone: <a href=\"tel:+34924014600\" target=\"_blank\" rel=\"noopener\">(+34) 924 014 600<\/a><\/li><li>Correio eletr\u00f3nico: <a href=\"mailto:info@fundecyt-pctex.es\" target=\"_blank\" rel=\"noopener\">info@fundecyt-pctex.es<\/a><\/li><\/ul>\t\t\t\t\t\t\t\t<\/div>\n\t\t\t\t<div class=\"elementor-element elementor-element-5d09413 elementor-widget elementor-widget-heading\" data-id=\"5d09413\" data-element_type=\"widget\" data-e-type=\"widget\" data-widget_type=\"heading.default\">\n\t\t\t\t\t<h3 class=\"elementor-heading-title elementor-size-default\">Com que finalidade tratamos os seus dados pessoais?<\/h3>\t\t\t\t<\/div>\n\t\t\t\t<div class=\"elementor-element elementor-element-2cf3c49 elementor-widget elementor-widget-text-editor\" data-id=\"2cf3c49\" data-element_type=\"widget\" data-e-type=\"widget\" data-widget_type=\"text-editor.default\">\n\t\t\t\t\t\t\t\t\t<p>Na FUNDA\u00c7\u00c3O FUNDECYT-PARQUE CIENT\u00cdFICO E TECNOL\u00d3GICO DE EXTREMADURA tratamos a informa\u00e7\u00e3o que nos \u00e9 facultada pelas pessoas interessadas com o objetivo de realizar as seguintes finalidades:<\/p><ul><li>Efetuar a gest\u00e3o administrativa, contabil\u00edstica e fiscal dos nossos clientes e benefici\u00e1rios da Funda\u00e7\u00e3o relativamente aos servi\u00e7os solicitados, atender ao seu pedido atrav\u00e9s dos diferentes formul\u00e1rios dispon\u00edveis no site e enviar-lhe comunica\u00e7\u00f5es comerciais, inclusive por via eletr\u00f3nica, sobre os nossos produtos e servi\u00e7os.<\/li><li>Efetuar a gest\u00e3o administrativa, contabil\u00edstica e fiscal dos servi\u00e7os contratados, bem como das pessoas de contacto dos fornecedores.<\/li><li>Registo e gest\u00e3o do controlo de acesso de pessoas externas \u00e0s nossas instala\u00e7\u00f5es.<\/li><li>Gerir os Curr\u00edculos Vitae recebidos e realizar os processos de sele\u00e7\u00e3o de pessoal.<\/li><li>Gerir os participantes em eventos, a gest\u00e3o da sua imagem pessoal e enviar comunica\u00e7\u00f5es do seu interesse, bem como para futuras convites para novos eventos e atividades.<\/li><\/ul>\t\t\t\t\t\t\t\t<\/div>\n\t\t\t\t<div class=\"elementor-element elementor-element-e9d4192 elementor-widget elementor-widget-heading\" data-id=\"e9d4192\" data-element_type=\"widget\" data-e-type=\"widget\" data-widget_type=\"heading.default\">\n\t\t\t\t\t<h3 class=\"elementor-heading-title elementor-size-default\">Por quanto tempo conservaremos os seus dados?<\/h3>\t\t\t\t<\/div>\n\t\t\t\t<div class=\"elementor-element elementor-element-98958c5 elementor-widget elementor-widget-text-editor\" data-id=\"98958c5\" data-element_type=\"widget\" data-e-type=\"widget\" data-widget_type=\"text-editor.default\">\n\t\t\t\t\t\t\t\t\t<p>Os dados ser\u00e3o conservados:<\/p><ol><li>Enquanto se mantiver a rela\u00e7\u00e3o contratual ou durante os anos necess\u00e1rios para cumprir as obriga\u00e7\u00f5es legais.<\/li><li>Relativamente ao envio de comunica\u00e7\u00f5es promocionais ou sobre novos eventos ou concursos, enquanto n\u00e3o solicitar a elimina\u00e7\u00e3o dos seus dados.<\/li><li>Para o registo das visitas \u00e0s nossas instala\u00e7\u00f5es por pessoal externo, 5 anos a contar da \u00faltima visita.<\/li><li>Em refer\u00eancia aos curr\u00edculos, 5 anos a contar da \u00faltima intera\u00e7\u00e3o.<\/li><\/ol>\t\t\t\t\t\t\t\t<\/div>\n\t\t\t\t<div class=\"elementor-element elementor-element-6412db2 elementor-widget elementor-widget-heading\" data-id=\"6412db2\" data-element_type=\"widget\" data-e-type=\"widget\" data-widget_type=\"heading.default\">\n\t\t\t\t\t<h3 class=\"elementor-heading-title elementor-size-default\">Qual \u00e9 a legitimidade para o tratamento dos seus dados?<\/h3>\t\t\t\t<\/div>\n\t\t\t\t<div class=\"elementor-element elementor-element-9190c38 elementor-widget elementor-widget-text-editor\" data-id=\"9190c38\" data-element_type=\"widget\" data-e-type=\"widget\" data-widget_type=\"text-editor.default\">\n\t\t\t\t\t\t\t\t\t<p>Indicamos-lhe a base legal para o tratamento dos seus dados:<\/p><ul><li>Execu\u00e7\u00e3o de um contrato: presta\u00e7\u00e3o dos servi\u00e7os solicitados e atendimento do seu pedido.<\/li><li>Execu\u00e7\u00e3o de um contrato: efetuar a gest\u00e3o administrativa, contabil\u00edstica e fiscal dos servi\u00e7os contratados, bem como das pessoas de contacto dos fornecedores.<\/li><li>Interesse leg\u00edtimo do Respons\u00e1vel: envio de comunica\u00e7\u00f5es comerciais.<\/li><li>Interesse leg\u00edtimo do Respons\u00e1vel: registo e gest\u00e3o das visitas \u00e0s instala\u00e7\u00f5es.<\/li><li>Consentimento do interessado: pelo registo ou atendimento do seu pedido nos formul\u00e1rios web, envio de comunica\u00e7\u00f5es comerciais, inclusive por via eletr\u00f3nica.<\/li><li>Consentimento do interessado: realizar a organiza\u00e7\u00e3o e gest\u00e3o dos participantes nos eventos, a gest\u00e3o da sua imagem pessoal em suporte gr\u00e1fico ou v\u00eddeo-gr\u00e1fico para uso exclusivo em publica\u00e7\u00f5es de tipo promocional, divulgativo, etc., da nossa entidade, tais como revistas, cartazes, etc.<\/li><li>Igualmente, ser\u00e1 utilizado com a mesma finalidade no nosso site web ou espa\u00e7o de redes sociais de titularidade da Fundecyt-PCTEX e para envio de informa\u00e7\u00f5es do seu interesse e convites para novos eventos que se organizem, inclusive por via eletr\u00f3nica.<\/li><li>Consentimento do interessado: gerir os Curr\u00edculos Vitae recebidos e realizar os processos de sele\u00e7\u00e3o de pessoal.<\/li><\/ul>\t\t\t\t\t\t\t\t<\/div>\n\t\t\t\t<div class=\"elementor-element elementor-element-a535848 elementor-widget elementor-widget-heading\" data-id=\"a535848\" data-element_type=\"widget\" data-e-type=\"widget\" data-widget_type=\"heading.default\">\n\t\t\t\t\t<h3 class=\"elementor-heading-title elementor-size-default\">A que destinat\u00e1rios ser\u00e3o comunicados os seus dados?<\/h3>\t\t\t\t<\/div>\n\t\t\t\t<div class=\"elementor-element elementor-element-256a1f5 elementor-widget elementor-widget-text-editor\" data-id=\"256a1f5\" data-element_type=\"widget\" data-e-type=\"widget\" data-widget_type=\"text-editor.default\">\n\t\t\t\t\t\t\t\t\t<p>Relativamente aos grupos de clientes, fornecedores e benefici\u00e1rios da Funda\u00e7\u00e3o, os dados ser\u00e3o comunicados aos seguintes destinat\u00e1rios:<\/p><ul><li>Ag\u00eancia Tribut\u00e1ria, com a finalidade de cumprir as obriga\u00e7\u00f5es legais.<\/li><li>Entidades financeiras, com a finalidade de emitir os recibos correspondentes.<\/li><li>Entidades p\u00fablicas ou privadas propriet\u00e1rias de linhas de subven\u00e7\u00e3o de projetos, com a finalidade de controlar e justificar os gastos ocasionados pela execu\u00e7\u00e3o dos projetos.<\/li><li>Junta da Extremadura, Universidade da Extremadura e Funda\u00e7\u00e3o Caja de Badajoz, membros do patronato da Funda\u00e7\u00e3o, com a finalidade de controlar e justificar os fundos destinados ao financiamento da nossa entidade.<\/li><\/ul><p>Nos eventos realizados pela nossa entidade, os dados ser\u00e3o comunicados aos seguintes destinat\u00e1rios:<\/p><ul><li>Entidades que participem na organiza\u00e7\u00e3o do evento, com a finalidade de prestar o servi\u00e7o necess\u00e1rio e garantir o correto funcionamento da organiza\u00e7\u00e3o.<\/li><li>Utilizadores do nosso site, espa\u00e7os de redes sociais e outros meios de comunica\u00e7\u00e3o da nossa entidade, com a finalidade de divulga\u00e7\u00e3o dos eventos e atividades organizados por n\u00f3s.<\/li><\/ul><p>Em refer\u00eancia ao tratamento de curr\u00edculos, os dados ser\u00e3o comunicados aos seguintes destinat\u00e1rios:<\/p><ul><li>Entidades privadas ou profissionais, que ser\u00e3o informadas e que procuram um perfil semelhante ao seu, com a finalidade de inclu\u00ed-los nos seus processos de sele\u00e7\u00e3o de pessoal.<\/li><li>Utilizadores do nosso site, com a finalidade de dar conhecimento das candidaturas que concorrem \u00e0 presente oferta de emprego e transmitir aos candidatos a maior transpar\u00eancia poss\u00edvel sobre o processo de sele\u00e7\u00e3o.<\/li><\/ul>\t\t\t\t\t\t\t\t<\/div>\n\t\t\t\t<div class=\"elementor-element elementor-element-8910935 elementor-widget elementor-widget-heading\" data-id=\"8910935\" data-element_type=\"widget\" data-e-type=\"widget\" data-widget_type=\"heading.default\">\n\t\t\t\t\t<h3 class=\"elementor-heading-title elementor-size-default\">Transfer\u00eancias de dados para terceiros pa\u00edses?<\/h3>\t\t\t\t<\/div>\n\t\t\t\t<div class=\"elementor-element elementor-element-94b6f56 elementor-widget elementor-widget-text-editor\" data-id=\"94b6f56\" data-element_type=\"widget\" data-e-type=\"widget\" data-widget_type=\"text-editor.default\">\n\t\t\t\t\t\t\t\t\t<p>N\u00e3o est\u00e3o previstas transfer\u00eancias de dados para terceiros pa\u00edses.<\/p>\t\t\t\t\t\t\t\t<\/div>\n\t\t\t\t<div class=\"elementor-element elementor-element-bc2e959 elementor-widget elementor-widget-heading\" data-id=\"bc2e959\" data-element_type=\"widget\" data-e-type=\"widget\" data-widget_type=\"heading.default\">\n\t\t\t\t\t<h3 class=\"elementor-heading-title elementor-size-default\">Quais s\u00e3o os seus direitos quando nos fornece os seus dados?<\/h3>\t\t\t\t<\/div>\n\t\t\t\t<div class=\"elementor-element elementor-element-5213100 elementor-widget elementor-widget-text-editor\" data-id=\"5213100\" data-element_type=\"widget\" data-e-type=\"widget\" data-widget_type=\"text-editor.default\">\n\t\t\t\t\t\t\t\t\t<p>Qualquer pessoa tem o direito de obter confirma\u00e7\u00e3o sobre se na FUNDA\u00c7\u00c3O FUNDECYT-PARQUE CIENT\u00cdFICO E TECNOL\u00d3GICO DE EXTREMADURA estamos a tratar dados pessoais que lhe digam respeito ou n\u00e3o.<\/p><p>As pessoas interessadas t\u00eam o direito de aceder aos seus dados pessoais, assim como de solicitar a retifica\u00e7\u00e3o de dados inexatos ou, se for o caso, solicitar a sua elimina\u00e7\u00e3o quando, entre outros motivos, os dados j\u00e1 n\u00e3o sejam necess\u00e1rios para os fins para os quais foram recolhidos.<\/p><p>Em determinadas circunst\u00e2ncias, os interessados poder\u00e3o solicitar a limita\u00e7\u00e3o do tratamento dos seus dados, caso em que apenas os conservaremos para o exerc\u00edcio ou defesa de reclama\u00e7\u00f5es.<\/p><p>Em determinadas circunst\u00e2ncias e por motivos relacionados com a sua situa\u00e7\u00e3o particular, os interessados poder\u00e3o opor-se ao tratamento dos seus dados. Neste caso, a FUNDA\u00c7\u00c3O FUNDECYT-PARQUE CIENT\u00cdFICO E TECNOL\u00d3GICO DE EXTREMADURA deixar\u00e1 de tratar os dados, salvo por motivos leg\u00edtimos imperiosos, ou para o exerc\u00edcio ou defesa de poss\u00edveis reclama\u00e7\u00f5es.<\/p><p>Poder\u00e1 exercer materialmente os seus direitos da seguinte forma: tem direito a aceder, retificar e eliminar os dados, assim como outros direitos indicados na informa\u00e7\u00e3o adicional, que pode exercer dirigindo-se ao endere\u00e7o do Delegado de Prote\u00e7\u00e3o de Dados, na Rua Servando Gonz\u00e1lez Becerra 1, 1\u00ba escrit\u00f3rio J \u2013 06011 \u2013 BADAJOZ \u2013 ESPANHA, ou atrav\u00e9s do correio eletr\u00f3nico privacidade@fundecyt-pctex.es.<\/p><p>Se tiver concedido o seu consentimento para alguma finalidade concreta, tem o direito de retirar o consentimento concedido a qualquer momento, sem que isso afete a licitude do tratamento baseado no consentimento pr\u00e9vio \u00e0 sua retirada.<\/p><p>Caso considere que os seus direitos no \u00e2mbito da prote\u00e7\u00e3o de dados pessoais foram violados, especialmente se n\u00e3o tiver obtido satisfa\u00e7\u00e3o no exerc\u00edcio dos seus direitos, poder\u00e1 apresentar uma reclama\u00e7\u00e3o junto da Autoridade de Controlo competente em mat\u00e9ria de Prote\u00e7\u00e3o de Dados atrav\u00e9s do seu s\u00edtio web: www.agpd.es.<\/p>\t\t\t\t\t\t\t\t<\/div>\n\t\t\t\t<div class=\"elementor-element elementor-element-2e78fd2 elementor-widget elementor-widget-heading\" data-id=\"2e78fd2\" data-element_type=\"widget\" data-e-type=\"widget\" data-widget_type=\"heading.default\">\n\t\t\t\t\t<h3 class=\"elementor-heading-title elementor-size-default\">Como obtivemos os seus dados?<\/h3>\t\t\t\t<\/div>\n\t\t\t\t<div class=\"elementor-element elementor-element-e0c6b84 elementor-widget elementor-widget-text-editor\" data-id=\"e0c6b84\" data-element_type=\"widget\" data-e-type=\"widget\" data-widget_type=\"text-editor.default\">\n\t\t\t\t\t\t\t\t\t<p>Os dados pessoais que tratamos na FUNDA\u00c7\u00c3O FUNDECYT-PARQUE CIENT\u00cdFICO E TECNOL\u00d3GICO DE EXTREMADURA prov\u00eam do pr\u00f3prio interessado ou do seu representante legal.<\/p><p>As categorias de dados que s\u00e3o tratadas s\u00e3o:<\/p><ul><li>Dados identificativos<\/li><li>Endere\u00e7os postais e eletr\u00f3nicos<\/li><li>Informa\u00e7\u00e3o comercial<\/li><\/ul><p>N\u00e3o s\u00e3o tratadas categorias especiais de dados pessoais (s\u00e3o aqueles dados que revelem a origem \u00e9tnica ou racial, opini\u00f5es pol\u00edticas, convic\u00e7\u00f5es religiosas ou filos\u00f3ficas, ou filia\u00e7\u00e3o sindical, dados gen\u00e9ticos, dados biom\u00e9tricos destinados a identificar de forma \u00fanica uma pessoa f\u00edsica, dados relativos \u00e0 sa\u00fade ou dados relativos \u00e0 vida sexual ou \u00e0 orienta\u00e7\u00e3o sexual de uma pessoa f\u00edsica).<\/p><p>Si quieres, puedo continuar con la secci\u00f3n final de la Pol\u00edtica de Privacidade o cualquier otra secci\u00f3n que quede pendiente, dejando todo listo en portugu\u00e9s de Portugal de forma<\/p>\t\t\t\t\t\t\t\t<\/div>\n\t\t\t\t<div class=\"elementor-element elementor-element-7e0c537 elementor-widget elementor-widget-heading\" data-id=\"7e0c537\" data-element_type=\"widget\" data-e-type=\"widget\" data-widget_type=\"heading.default\">\n\t\t\t\t\t<h3 class=\"elementor-heading-title elementor-size-default\">PROPRIEDADE INTELECTUAL<\/h3>\t\t\t\t<\/div>\n\t\t\t\t<div class=\"elementor-element elementor-element-0cbf333 elementor-widget elementor-widget-text-editor\" data-id=\"0cbf333\" data-element_type=\"widget\" data-e-type=\"widget\" data-widget_type=\"text-editor.default\">\n\t\t\t\t\t\t\t\t\t<p>O s\u00edtio web, incluindo designs, log\u00f3tipos, textos e\/ou gr\u00e1ficos, \u00e9 propriedade do prestador ou, caso aplic\u00e1vel, disp\u00f5e de licen\u00e7a ou autoriza\u00e7\u00e3o expressa por parte dos autores. Todos os conte\u00fados do s\u00edtio web encontram-se devidamente protegidos pela normativa de propriedade intelectual e industrial, bem como registados nos registos p\u00fablicos correspondentes.<\/p><p>Os designs, log\u00f3tipos, textos e\/ou gr\u00e1ficos alheios ao prestador que possam aparecer no s\u00edtio web pertencem aos seus respetivos propriet\u00e1rios, sendo eles pr\u00f3prios respons\u00e1veis por qualquer poss\u00edvel controv\u00e9rsia que possa surgir relativamente aos mesmos. Em qualquer caso, o prestador conta com autoriza\u00e7\u00e3o expressa e pr\u00e9via por parte destes.<\/p>\t\t\t\t\t\t\t\t<\/div>\n\t\t\t\t<div class=\"elementor-element elementor-element-bcef044 elementor-widget elementor-widget-heading\" data-id=\"bcef044\" data-element_type=\"widget\" data-e-type=\"widget\" data-widget_type=\"heading.default\">\n\t\t\t\t\t<h3 class=\"elementor-heading-title elementor-size-default\">MENORES DE IDADE (14 ANOS)<\/h3>\t\t\t\t<\/div>\n\t\t\t\t<div class=\"elementor-element elementor-element-e11158f elementor-widget elementor-widget-text-editor\" data-id=\"e11158f\" data-element_type=\"widget\" data-e-type=\"widget\" data-widget_type=\"text-editor.default\">\n\t\t\t\t\t\t\t\t\t<p>ATEN\u00c7\u00c3O: Para a utiliza\u00e7\u00e3o dos servi\u00e7os oferecidos pelo s\u00edtio web, os menores de 14 anos dever\u00e3o, previamente, ter obtido autoriza\u00e7\u00e3o dos seus pais, tutores ou representantes legais, uma vez que estes dever\u00e3o responder pelos atos realizados pelos menores que estejam sob a sua responsabilidade, cabendo-lhes toda a responsabilidade na determina\u00e7\u00e3o dos conte\u00fados e servi\u00e7os aos quais possam aceder. Esta autoriza\u00e7\u00e3o poder\u00e1 ser realizada atrav\u00e9s do correio eletr\u00f3nico: privacidade@fundecyt-pctex.es<\/p>\t\t\t\t\t\t\t\t<\/div>\n\t\t\t\t<div class=\"elementor-element elementor-element-53fdb69 elementor-widget elementor-widget-heading\" data-id=\"53fdb69\" data-element_type=\"widget\" data-e-type=\"widget\" data-widget_type=\"heading.default\">\n\t\t\t\t\t<h3 class=\"elementor-heading-title elementor-size-default\">PROPRIEDADE INTELECTUAL<\/h3>\t\t\t\t<\/div>\n\t\t\t\t<div class=\"elementor-element elementor-element-fd536eb elementor-widget elementor-widget-text-editor\" data-id=\"fd536eb\" data-element_type=\"widget\" data-e-type=\"widget\" data-widget_type=\"text-editor.default\">\n\t\t\t\t\t\t\t\t\t<p>ATEN\u00c7\u00c3O: Para a utiliza\u00e7\u00e3o dos servi\u00e7os oferecidos pelo s\u00edtio web, os menores de 14 anos dever\u00e3o, previamente, ter obtido autoriza\u00e7\u00e3o dos seus pais, tutores ou representantes legais, uma vez que estes dever\u00e3o responder pelos atos realizados pelos menores que estejam sob a sua responsabilidade, cabendo-lhes toda a responsabilidade na determina\u00e7\u00e3o dos conte\u00fados e servi\u00e7os aos quais possam aceder. Esta autoriza\u00e7\u00e3o poder\u00e1 ser dada atrav\u00e9s do correio eletr\u00f3nico: privacidade@fundecyt-pctex.es<\/p>\t\t\t\t\t\t\t\t<\/div>\n\t\t\t\t<div class=\"elementor-element elementor-element-94009ba elementor-widget elementor-widget-heading\" data-id=\"94009ba\" data-element_type=\"widget\" data-e-type=\"widget\" data-widget_type=\"heading.default\">\n\t\t\t\t\t<h3 class=\"elementor-heading-title elementor-size-default\">LEY APLICABLE Y JURISDICCI\u00d3N<\/h3>\t\t\t\t<\/div>\n\t\t\t\t<div class=\"elementor-element elementor-element-7bb4db0 elementor-widget elementor-widget-text-editor\" data-id=\"7bb4db0\" data-element_type=\"widget\" data-e-type=\"widget\" data-widget_type=\"text-editor.default\">\n\t\t\t\t\t\t\t\t\t<p>Para a resolu\u00e7\u00e3o de todas as controv\u00e9rsias ou quest\u00f5es relacionadas com o presente s\u00edtio web ou com as atividades nele desenvolvidas, ser\u00e1 aplic\u00e1vel a legisla\u00e7\u00e3o espanhola, \u00e0 qual as partes se submetem expressamente, sendo competentes para a resolu\u00e7\u00e3o de todos os conflitos decorrentes ou relacionados com a sua utiliza\u00e7\u00e3o os Tribunais da prov\u00edncia do titular do s\u00edtio web.<\/p><ul><li>As condi\u00e7\u00f5es presentes reger-se-\u00e3o pela legisla\u00e7\u00e3o espanhola em vigor.<\/li><li>A l\u00edngua utilizada ser\u00e1 o Castelhano.<\/li><\/ul>\t\t\t\t\t\t\t\t<\/div>\n\t\t\t\t\t<\/div>\n\t\t\t\t<\/div>\n\t\t\t\t<\/div>\n\t\t\t\t<\/div>\n\t\t","protected":false},"excerpt":{"rendered":"<p>El prestador se encuentra profundamente comprometido con el cumplimiento de la normativa en protecci\u00f3n de datos de car\u00e1cter personal, y garantiza el cumplimiento \u00edntegro de las obligaciones dispuestas, as\u00ed como la implementaci\u00f3n de las medidas de seguridad t\u00e9cnicas y organizativas, de Protecci\u00f3n de Datos de Car\u00e1cter Personal (LOPD) y el Reglamento General de Protecci\u00f3n de [&hellip;]<\/p>\n","protected":false},"author":1,"featured_media":0,"parent":0,"menu_order":0,"comment_status":"closed","ping_status":"closed","template":"","meta":{"footnotes":"","_links_to":"","_links_to_target":""},"class_list":["post-11877","page","type-page","status-publish","hentry"],"_links":{"self":[{"href":"https:\/\/ciiae.org\/pt-pt\/wp-json\/wp\/v2\/pages\/11877","targetHints":{"allow":["GET"]}}],"collection":[{"href":"https:\/\/ciiae.org\/pt-pt\/wp-json\/wp\/v2\/pages"}],"about":[{"href":"https:\/\/ciiae.org\/pt-pt\/wp-json\/wp\/v2\/types\/page"}],"author":[{"embeddable":true,"href":"https:\/\/ciiae.org\/pt-pt\/wp-json\/wp\/v2\/users\/1"}],"replies":[{"embeddable":true,"href":"https:\/\/ciiae.org\/pt-pt\/wp-json\/wp\/v2\/comments?post=11877"}],"version-history":[{"count":5,"href":"https:\/\/ciiae.org\/pt-pt\/wp-json\/wp\/v2\/pages\/11877\/revisions"}],"predecessor-version":[{"id":12092,"href":"https:\/\/ciiae.org\/pt-pt\/wp-json\/wp\/v2\/pages\/11877\/revisions\/12092"}],"wp:attachment":[{"href":"https:\/\/ciiae.org\/pt-pt\/wp-json\/wp\/v2\/media?parent=11877"}],"curies":[{"name":"wp","href":"https:\/\/api.w.org\/{rel}","templated":true}]}}